{"id":4,"date":"2019-06-14T07:56:22","date_gmt":"2019-06-14T07:56:22","guid":{"rendered":"https:\/\/www.enjoyrowing.com\/?page_id=4"},"modified":"2022-08-13T10:37:10","modified_gmt":"2022-08-13T08:37:10","slug":"dit-is-de-homepage","status":"publish","type":"page","link":"https:\/\/www.enjoyrowing.com\/de\/dit-is-de-homepage\/","title":{"rendered":"\u00dcber den Coach"},"content":{"rendered":"<div class=\"wp-block-image\">\n<figure class=\"aligncenter is-resized\"><img loading=\"lazy\" decoding=\"async\" src=\"https:\/\/www.enjoyrowing.com\/wp-content\/uploads\/2019\/10\/carlacoachboot-1024x768.jpg\" alt=\"\" class=\"wp-image-496\" width=\"587\" height=\"439\" srcset=\"https:\/\/www.enjoyrowing.com\/wp-content\/uploads\/2019\/10\/carlacoachboot-1024x768.jpg 1024w, https:\/\/www.enjoyrowing.com\/wp-content\/uploads\/2019\/10\/carlacoachboot-300x225.jpg 300w, https:\/\/www.enjoyrowing.com\/wp-content\/uploads\/2019\/10\/carlacoachboot-768x576.jpg 768w, https:\/\/www.enjoyrowing.com\/wp-content\/uploads\/2019\/10\/carlacoachboot-360x270.jpg 360w, https:\/\/www.enjoyrowing.com\/wp-content\/uploads\/2019\/10\/carlacoachboot.jpg 1280w\" sizes=\"auto, (max-width: 587px) 100vw, 587px\" \/><\/figure>\n<\/div>\n\n\n<p>Carla Beekman begann im Alter von zw\u00f6lf Jahren im Ruderclub Willem III in Amsterdam mit dem Rudern im Boot. Sie ruderte 6 Jahre lang Wettk\u00e4mpfe in verschiedenen Teams und Bootstypen und nahm regelm\u00e4\u00dfig an Wanderfahrten teil. Dann begann sie zu coachen und konzentrierte sich bald auf Breitensportruderer, weil sie bemerkte, dass sie alle nach mehr und besserem Unterricht suchten. Sie begleitete auch Jugendruderlager, die vom niederl\u00e4ndischen Ruderverband KNRB organisiert wurden. <\/p>\n\n\n\n<p>Sie erweiterte ihre Coachfahrung im Craftsbury Sculling Center in den USA und sp\u00e4ter im nationalen Ruderakademie in Ratzeburg. Dort arbeitete sie lange Zeit mit deutschen Top-Trainern und lernte die Tricks des Handwerks, um Videoaufnahmen der Ruderbewegung zu machen und zu analysieren. <\/p>\n\n\n\n<p>Carla hilft Ruderern nicht nur mit ihrer Technik, sondern hilft auch Coaches in Ruderclubs, effizienter und angenehmer zu trainieren.<\/p>","protected":false},"excerpt":{"rendered":"<p>Carla Beekman started rowing in the skiff at the Willem III rowing club in Amsterdam at the age of twelve. She rowed competitions in different teams and boat types for 6 years and was also a regular participant in rowing tours. She then started coaching, soon focusing on recreational rowers because she noticed that they all were looking for more and better instruction. She also supervised youth rowing camps organised by the Dutch rowing federation KNRB. She expanded her coaching&#8230;<\/p>\n<p class=\"read-more\"><a class=\"btn btn-default\" href=\"https:\/\/www.enjoyrowing.com\/de\/dit-is-de-homepage\/\">Weiterlesen<span class=\"screen-reader-text\"> Weiterlesen<\/span><\/a><\/p>","protected":false},"author":1,"featured_media":0,"parent":0,"menu_order":4,"comment_status":"closed","ping_status":"closed","template":"","meta":{"footnotes":""},"class_list":["post-4","page","type-page","status-publish","hentry"],"_links":{"self":[{"href":"https:\/\/www.enjoyrowing.com\/de\/wp-json\/wp\/v2\/pages\/4","targetHints":{"allow":["GET"]}}],"collection":[{"href":"https:\/\/www.enjoyrowing.com\/de\/wp-json\/wp\/v2\/pages"}],"about":[{"href":"https:\/\/www.enjoyrowing.com\/de\/wp-json\/wp\/v2\/types\/page"}],"author":[{"embeddable":true,"href":"https:\/\/www.enjoyrowing.com\/de\/wp-json\/wp\/v2\/users\/1"}],"replies":[{"embeddable":true,"href":"https:\/\/www.enjoyrowing.com\/de\/wp-json\/wp\/v2\/comments?post=4"}],"version-history":[{"count":23,"href":"https:\/\/www.enjoyrowing.com\/de\/wp-json\/wp\/v2\/pages\/4\/revisions"}],"predecessor-version":[{"id":885,"href":"https:\/\/www.enjoyrowing.com\/de\/wp-json\/wp\/v2\/pages\/4\/revisions\/885"}],"wp:attachment":[{"href":"https:\/\/www.enjoyrowing.com\/de\/wp-json\/wp\/v2\/media?parent=4"}],"curies":[{"name":"wp","href":"https:\/\/api.w.org\/{rel}","templated":true}]}}