{"id":756,"date":"2019-10-31T00:16:21","date_gmt":"2019-10-30T23:16:21","guid":{"rendered":"https:\/\/www.enjoyrowing.com\/?page_id=756"},"modified":"2022-08-15T22:15:50","modified_gmt":"2022-08-15T20:15:50","slug":"coach-on-tour","status":"publish","type":"page","link":"https:\/\/www.enjoyrowing.com\/de\/","title":{"rendered":"Coach on Tour"},"content":{"rendered":"<p class=\"has-text-align-right\"><\/p>\n\n\n<p class=\"has-text-align-right has-very-dark-gray-color has-text-color has-medium-font-size\"><em>Motivierend und inspirierend<\/em><\/p>\n\n\n<p><strong>Gibt Ruderer erstaunliche Einblicke mit Videoanalysen<\/strong><\/p>\n\n\n\n<p>Carla gen\u00fcgen wenige Schl\u00e4ge, um deiner Ruderschlag oder den deine Teamkollegen abzubilden und zu wissen, wo und wie du die Rudertechnik verbessern k\u00f6nntest. Gemeinsam analysieren wir den Rudertechnik anhand der Videoaufnahmen im Detail. Dies gibt dich einen Einblick, wie bestimmte Haltungen und Bewegungen deinen Schlag verbessern oder kontraproduktiv sind. Mit fokussierten \u00dcbungen und klaren Anweisungen steuerst du schnell auf eine dauerhafte Verbesserung f\u00fcr dich oder deinen Mannschaft zu.<\/p>\n\n\n\n<iframe loading=\"lazy\" src=\"https:\/\/player.vimeo.com\/video\/246985622?title=0&amp;byline=0&amp;portrait=0\" webkitallowfullscreen=\"\" mozallowfullscreen=\"\" allowfullscreen=\"\" width=\"400\" height=\"300\" frameborder=\"0\"><\/iframe>\n\n\n\n<p><strong>Gibt erfahrenen und neue Ruderer Vertrauen und Freude.<\/strong><\/p>\n\n\n\n<p>Sicheres umsteigen zur Einer<br>Verbessere deinen Technik sprunghaft<br>Mit Rudern anfangen? \u00dcberrasche dich selbst mit schnellem Lernen und Spa\u00df!<\/p>\n\n\n\n<p><strong>Gibt dein Ruderclub mehr Schlagkraft<\/strong><\/p>\n\n\n\n<p>Mit einem attraktiven eint\u00e4gigen interaktiven Programm kann Carla die Lehrtechnik und die didaktischen F\u00e4higkeiten eines Rudertrainer sch\u00e4rfen und auffrischen.<br>Auch Vereinsruderer gibt Carla gerne mit kraftvollen Clinics Impulse.<br>Kompakt, effizient, motivierend und einfach zu organisieren.<\/p>\n\n\n\n<p>F\u00fcr mehr Auskunft&nbsp;<a rel=\"noreferrer noopener\" href=\"https:\/\/www.roeiplezier.nl\/wp-content\/uploads\/2019\/10\/CT2020-de.pdf\" target=\"_blank\">den Flyer hier.<\/a>.<\/p>\n\n\n\n<p><\/p>\n\n\n\n<hr class=\"wp-block-separator has-css-opacity\"\/>\n\n\n\n<figure class=\"wp-block-gallery has-nested-images columns-default is-cropped wp-block-gallery-1 is-layout-flex wp-block-gallery-is-layout-flex\">\n<figure class=\"wp-block-image size-large\"><img loading=\"lazy\" decoding=\"async\" width=\"1024\" height=\"588\" data-id=\"629\" src=\"https:\/\/www.enjoyrowing.com\/wp-content\/uploads\/2019\/10\/Ratzeburgvogel1-1-1024x588.jpg\" alt=\"\" class=\"wp-image-629\" srcset=\"https:\/\/www.enjoyrowing.com\/wp-content\/uploads\/2019\/10\/Ratzeburgvogel1-1-1024x588.jpg 1024w, https:\/\/www.enjoyrowing.com\/wp-content\/uploads\/2019\/10\/Ratzeburgvogel1-1-300x172.jpg 300w, https:\/\/www.enjoyrowing.com\/wp-content\/uploads\/2019\/10\/Ratzeburgvogel1-1-768x441.jpg 768w, https:\/\/www.enjoyrowing.com\/wp-content\/uploads\/2019\/10\/Ratzeburgvogel1-1-470x270.jpg 470w, https:\/\/www.enjoyrowing.com\/wp-content\/uploads\/2019\/10\/Ratzeburgvogel1-1.jpg 2000w\" sizes=\"auto, (max-width: 1024px) 100vw, 1024px\" \/><\/figure>\n\n\n\n<figure class=\"wp-block-image size-large\"><img loading=\"lazy\" decoding=\"async\" width=\"640\" height=\"462\" data-id=\"608\" src=\"https:\/\/www.enjoyrowing.com\/wp-content\/uploads\/2019\/10\/busje1.jpg\" alt=\"\" class=\"wp-image-608\" srcset=\"https:\/\/www.enjoyrowing.com\/wp-content\/uploads\/2019\/10\/busje1.jpg 640w, https:\/\/www.enjoyrowing.com\/wp-content\/uploads\/2019\/10\/busje1-300x217.jpg 300w, https:\/\/www.enjoyrowing.com\/wp-content\/uploads\/2019\/10\/busje1-374x270.jpg 374w\" sizes=\"auto, (max-width: 640px) 100vw, 640px\" \/><\/figure>\n\n\n\n<figure class=\"wp-block-image size-large\"><img loading=\"lazy\" decoding=\"async\" width=\"1024\" height=\"768\" data-id=\"406\" src=\"https:\/\/www.enjoyrowing.com\/wp-content\/uploads\/2019\/10\/rar6-kopie-1024x768.jpg\" alt=\"\" class=\"wp-image-406\" srcset=\"https:\/\/www.enjoyrowing.com\/wp-content\/uploads\/2019\/10\/rar6-kopie-1024x768.jpg 1024w, https:\/\/www.enjoyrowing.com\/wp-content\/uploads\/2019\/10\/rar6-kopie-300x225.jpg 300w, https:\/\/www.enjoyrowing.com\/wp-content\/uploads\/2019\/10\/rar6-kopie-768x576.jpg 768w, https:\/\/www.enjoyrowing.com\/wp-content\/uploads\/2019\/10\/rar6-kopie.jpg 1280w\" sizes=\"auto, (max-width: 1024px) 100vw, 1024px\" \/><\/figure>\n\n\n\n<figure class=\"wp-block-image size-large\"><img loading=\"lazy\" decoding=\"async\" width=\"459\" height=\"378\" data-id=\"744\" src=\"https:\/\/www.enjoyrowing.com\/wp-content\/uploads\/2019\/10\/coachingC4-1-e1572474937331.jpg\" alt=\"\" class=\"wp-image-744\" srcset=\"https:\/\/www.enjoyrowing.com\/wp-content\/uploads\/2019\/10\/coachingC4-1-e1572474937331.jpg 459w, https:\/\/www.enjoyrowing.com\/wp-content\/uploads\/2019\/10\/coachingC4-1-e1572474937331-300x247.jpg 300w, https:\/\/www.enjoyrowing.com\/wp-content\/uploads\/2019\/10\/coachingC4-1-e1572474937331-328x270.jpg 328w\" sizes=\"auto, (max-width: 459px) 100vw, 459px\" \/><\/figure>\n\n\n\n<figure class=\"wp-block-image size-large\"><img loading=\"lazy\" decoding=\"async\" width=\"1024\" height=\"768\" data-id=\"408\" src=\"https:\/\/www.enjoyrowing.com\/wp-content\/uploads\/2019\/10\/ratzeburgvlot-1024x768.jpg\" alt=\"\" class=\"wp-image-408\" srcset=\"https:\/\/www.enjoyrowing.com\/wp-content\/uploads\/2019\/10\/ratzeburgvlot-1024x768.jpg 1024w, https:\/\/www.enjoyrowing.com\/wp-content\/uploads\/2019\/10\/ratzeburgvlot-300x225.jpg 300w, https:\/\/www.enjoyrowing.com\/wp-content\/uploads\/2019\/10\/ratzeburgvlot-768x576.jpg 768w, https:\/\/www.enjoyrowing.com\/wp-content\/uploads\/2019\/10\/ratzeburgvlot.jpg 1280w\" sizes=\"auto, (max-width: 1024px) 100vw, 1024px\" \/><\/figure>\n\n\n\n<figure class=\"wp-block-image size-large\"><img loading=\"lazy\" decoding=\"async\" width=\"1000\" height=\"750\" data-id=\"611\" src=\"https:\/\/www.enjoyrowing.com\/wp-content\/uploads\/2019\/10\/ontour.jpg\" alt=\"\" class=\"wp-image-611\" srcset=\"https:\/\/www.enjoyrowing.com\/wp-content\/uploads\/2019\/10\/ontour.jpg 1000w, https:\/\/www.enjoyrowing.com\/wp-content\/uploads\/2019\/10\/ontour-300x225.jpg 300w, https:\/\/www.enjoyrowing.com\/wp-content\/uploads\/2019\/10\/ontour-768x576.jpg 768w, https:\/\/www.enjoyrowing.com\/wp-content\/uploads\/2019\/10\/ontour-360x270.jpg 360w\" sizes=\"auto, (max-width: 1000px) 100vw, 1000px\" \/><\/figure>\n\n\n\n<figure class=\"wp-block-image size-large\"><img loading=\"lazy\" decoding=\"async\" width=\"668\" height=\"461\" data-id=\"610\" src=\"https:\/\/www.enjoyrowing.com\/wp-content\/uploads\/2019\/10\/milau.jpg\" alt=\"\" class=\"wp-image-610\" srcset=\"https:\/\/www.enjoyrowing.com\/wp-content\/uploads\/2019\/10\/milau.jpg 668w, https:\/\/www.enjoyrowing.com\/wp-content\/uploads\/2019\/10\/milau-300x207.jpg 300w, https:\/\/www.enjoyrowing.com\/wp-content\/uploads\/2019\/10\/milau-391x270.jpg 391w\" sizes=\"auto, (max-width: 668px) 100vw, 668px\" \/><\/figure>\n\n\n\n<figure class=\"wp-block-image size-large\"><img loading=\"lazy\" decoding=\"async\" width=\"640\" height=\"371\" data-id=\"615\" src=\"https:\/\/www.enjoyrowing.com\/wp-content\/uploads\/2019\/10\/image27.jpg\" alt=\"\" class=\"wp-image-615\" srcset=\"https:\/\/www.enjoyrowing.com\/wp-content\/uploads\/2019\/10\/image27.jpg 640w, https:\/\/www.enjoyrowing.com\/wp-content\/uploads\/2019\/10\/image27-300x174.jpg 300w, https:\/\/www.enjoyrowing.com\/wp-content\/uploads\/2019\/10\/image27-466x270.jpg 466w\" sizes=\"auto, (max-width: 640px) 100vw, 640px\" \/><\/figure>\n<\/figure>","protected":false},"excerpt":{"rendered":"<p>Motivating and inspiring Gives rowers amazing insight with video analyes. A few strokes is enough for Carla to map your rowing stroke or that of your team mate and to know where and how to improve the rowing technique. Together we analyze in detail the rowing technique with help of the video recordings. This gives you insight in how certain postures and movement help to improve your stroke or are counter productive. With focused exercises and clear instructions, you are&#8230;<\/p>\n<p class=\"read-more\"><a class=\"btn btn-default\" href=\"https:\/\/www.enjoyrowing.com\/de\/\">Weiterlesen<span class=\"screen-reader-text\"> Weiterlesen<\/span><\/a><\/p>","protected":false},"author":1,"featured_media":0,"parent":0,"menu_order":0,"comment_status":"closed","ping_status":"closed","template":"","meta":{"footnotes":""},"class_list":["post-756","page","type-page","status-publish","hentry"],"_links":{"self":[{"href":"https:\/\/www.enjoyrowing.com\/de\/wp-json\/wp\/v2\/pages\/756","targetHints":{"allow":["GET"]}}],"collection":[{"href":"https:\/\/www.enjoyrowing.com\/de\/wp-json\/wp\/v2\/pages"}],"about":[{"href":"https:\/\/www.enjoyrowing.com\/de\/wp-json\/wp\/v2\/types\/page"}],"author":[{"embeddable":true,"href":"https:\/\/www.enjoyrowing.com\/de\/wp-json\/wp\/v2\/users\/1"}],"replies":[{"embeddable":true,"href":"https:\/\/www.enjoyrowing.com\/de\/wp-json\/wp\/v2\/comments?post=756"}],"version-history":[{"count":9,"href":"https:\/\/www.enjoyrowing.com\/de\/wp-json\/wp\/v2\/pages\/756\/revisions"}],"predecessor-version":[{"id":904,"href":"https:\/\/www.enjoyrowing.com\/de\/wp-json\/wp\/v2\/pages\/756\/revisions\/904"}],"wp:attachment":[{"href":"https:\/\/www.enjoyrowing.com\/de\/wp-json\/wp\/v2\/media?parent=756"}],"curies":[{"name":"wp","href":"https:\/\/api.w.org\/{rel}","templated":true}]}}