{"id":759,"date":"2019-10-31T00:32:39","date_gmt":"2019-10-30T23:32:39","guid":{"rendered":"https:\/\/www.enjoyrowing.com\/?page_id=759"},"modified":"2025-11-10T12:42:11","modified_gmt":"2025-11-10T11:42:11","slug":"skiff-courses","status":"publish","type":"page","link":"https:\/\/www.enjoyrowing.com\/de\/skiff-courses\/","title":{"rendered":"Ruderkursen"},"content":{"rendered":"<p>Du ruderst mit anderen Ruderern im Mannschaftsboot oder in einem gr\u00f6\u00dferen Pool und m\u00f6chtet gemeinsam einen Technikkurs an einem sch\u00f6nen Ort machen, Spa\u00df am rudern haben und zwischendurch gemeinsam rausgehen? Bei Enjoyrowing kannst du deinen Technik verbessern oder auf dem neuesten Stand halten und Ruderwasser genie\u00dfen, an das du normalerweise nicht gelangen w\u00fcrdest!<\/p>\n\n\n\n<h2><strong>Overijsselse Vecht - NL <\/strong><\/h2>\n\n\n\n<p>W\u00e4hrend eines wunderbaren langen Wochenendes oder unter de Woche rudest du mit Tipps &amp; Tricks basierend auf Videoanalysen und Theorie. <a href=\"https:\/\/www.roeiplezier.nl\/wp-content\/uploads\/2023\/11\/OV2023-de.pdf\">\u00a0<em><mark style=\"background-color:rgba(0, 0, 0, 0)\" class=\"has-inline-color has-luminous-vivid-amber-color\">Am Programm<\/mark><\/em><\/a><mark style=\"background-color:rgba(0, 0, 0, 0)\" class=\"has-inline-color has-luminous-vivid-amber-color\"> <\/mark>stehen auch kurze lokale Ruderausfl\u00fcge. Du ruderst zu zweit pro Session, jeweils auf einem stabilen und leichten (ganzes Jahr sicheren) Rowonair. Zwischen den Sessions kannst du wandern, Radtouren machen und die W\u00e4lder genie\u00dfen oder in der nahe gelegenen historischen Stadt Zwolle entspannen. Auch Nicht-Ruderpartner sind herzlich willkommen.<\/p>\n\n\n\n<h2><strong>Amsterdam &#8211; NL <\/strong><\/h2>\n\n\n\n<p>In Amsterdam deine Rudertechnik verbessern ist auch m\u00f6glich! Du kannst dich f\u00fcr Privatunterricht entscheiden oder mit einer Gruppe von zwei, drei oder vier Personen kommen. Wir rudern in kleiner Zahl, je nach Erfahrung in breitere oder schmalere Booten. Das Programm stimmen wir gemeinsam ab. <a href=\"https:\/\/www.roeiplezier.nl\/wp-content\/uploads\/2024\/01\/NLAMS2023-de.pdf\" target=\"_blank\" rel=\"noreferrer noopener\"><mark style=\"background-color:rgba(0, 0, 0, 0)\" class=\"has-inline-color has-luminous-vivid-amber-color\"><em>Mehr Auskunft hier.<\/em><\/mark><\/a><mark style=\"background-color:rgba(0, 0, 0, 0)\" class=\"has-inline-color has-luminous-vivid-amber-color\"> <\/mark><\/p>\n\n\n\n<h2><strong>Ratzeburg - D <\/strong><\/h2>\n\n\n\n<p>Seit 30 Jahren organisiert Enjoyrowing Skiff\/Einerkurse f\u00fcr Breitensporttruderer im norddeutschen Ratzeburg. Viele Ruderer hatten eine wunderbare Ruderwoche, verbesserten ihre Technik anhand von Videobildern, verdeutlichenden Analysen und konkreten Anweisungen. Vor allem aber genossen sie einen sorglosen Urlaub in wundersch\u00f6ner Umgebung auf Rudergew\u00e4ssern ohne motorisierte Freizeitbootsverkehr.&nbsp;<\/p>\n\n\n\n<p><br>Du m\u00f6chtest dein Verst\u00e4ndnis f\u00fcr die Rudertechnik vertiefen und diese sofort in einen entspannten und effizienten Ruderzug umwandeln?&nbsp;<a rel=\"noreferrer noopener\" href=\"https:\/\/www.roeiplezier.nl\/wp-content\/uploads\/2022\/08\/RB2023-de.pdf\" target=\"_blank\"><em><mark style=\"background-color:rgba(0, 0, 0, 0)\" class=\"has-inline-color has-luminous-vivid-amber-color\">Der Sturktur des Kurses<\/mark><\/em><\/a><mark style=\"background-color:rgba(0, 0, 0, 0)\" class=\"has-inline-color has-luminous-vivid-amber-color\">&nbsp;<\/mark>hat sich vielfach bew\u00e4hrt. Versuche es!<\/p>\n\n\n\n<h2 class=\"wp-block-heading\"><strong>Ruderkurs auf deinem gew\u00fcnschte Ort<\/strong><\/h2>\n\n\n\n<p>Hast du selber sch\u00f6ne Rudergew\u00e4sser im In- oder Ausland im Auge? <a rel=\"noreferrer noopener\" href=\"https:\/\/www.enjoyrowing.com\/de\/coach-on-tour\/\" target=\"_blank\"><mark style=\"background-color:rgba(0, 0, 0, 0)\" class=\"has-inline-color has-luminous-vivid-amber-color\"><em>Oder m\u00f6chtest du etwas in deinem Ruderverein organisieren, dann schauen wir gemeinsam, was m\u00f6glich ist.<\/em><\/mark><\/a><mark style=\"background-color:rgba(0, 0, 0, 0)\" class=\"has-inline-color has-luminous-vivid-amber-color\">&nbsp;<\/mark> dann k\u00f6nnen wir gemeinsam schauen, was m\u00f6glich ist. <\/p>\n\n\n\n<figure class=\"wp-block-image size-large\"><a href=\"https:\/\/www.enjoyrowing.com\/wp-content\/uploads\/2019\/10\/cropped-skiffsalgo.jpg\"><img loading=\"lazy\" decoding=\"async\" width=\"1024\" height=\"128\" src=\"https:\/\/www.enjoyrowing.com\/wp-content\/uploads\/2019\/10\/cropped-skiffsalgo-1024x128.jpg\" alt=\"\" class=\"wp-image-392\" srcset=\"https:\/\/www.enjoyrowing.com\/wp-content\/uploads\/2019\/10\/cropped-skiffsalgo-1024x128.jpg 1024w, https:\/\/www.enjoyrowing.com\/wp-content\/uploads\/2019\/10\/cropped-skiffsalgo-300x38.jpg 300w, https:\/\/www.enjoyrowing.com\/wp-content\/uploads\/2019\/10\/cropped-skiffsalgo-768x96.jpg 768w, https:\/\/www.enjoyrowing.com\/wp-content\/uploads\/2019\/10\/cropped-skiffsalgo.jpg 1600w\" sizes=\"auto, (max-width: 1024px) 100vw, 1024px\" \/><\/a><\/figure>\n\n\n\n<p class=\"has-text-align-center\">&#8212;&#8212;&#8212;&#8212;&#8212;-<\/p>\n\n\n\n<p>Du m\u00f6chtest also  gerne mit anderen Ruderern aus deinem Team oder aus einem gr\u00f6\u00dferen Ruderpool einen Rudertechnikkurs an einem der oben genannten Orte, an einem Ort nach Absprache oder bei deinem Ruderverein machen?<\/p>\n\n\n\n<p><strong><mark style=\"background-color:rgba(0, 0, 0, 0)\" class=\"has-inline-color has-luminous-vivid-amber-color\"><a href=\"https:\/\/www.enjoyrowing.com\/de\/contact\/\">Nehme einfach Kontakt mit mir auf!<\/a><\/mark><\/strong>  Gemeinsam finden wir einen geeigneten Ort und Termin.<\/p>\n\n\n\n<p><\/p>","protected":false},"excerpt":{"rendered":"<p>Do you row with other rowers in a team or in a larger pool and do you want to take a technique course together at a beautiful location, enjoy rowing and go out together in between? At Enjoyrowing you can improve your technique or keep it up to date and enjoy rowing water that you wouldn&#8217;t normally get to! Overijsselse Vecht &#8211; NL During a wonderful long weekend, or a mid week, you are rowing with tips &amp; tricks based&#8230;<\/p>\n<p class=\"read-more\"><a class=\"btn btn-default\" href=\"https:\/\/www.enjoyrowing.com\/de\/skiff-courses\/\">Weiterlesen<span class=\"screen-reader-text\"> Weiterlesen<\/span><\/a><\/p>","protected":false},"author":1,"featured_media":0,"parent":0,"menu_order":0,"comment_status":"closed","ping_status":"closed","template":"","meta":{"footnotes":""},"class_list":["post-759","page","type-page","status-publish","hentry"],"_links":{"self":[{"href":"https:\/\/www.enjoyrowing.com\/de\/wp-json\/wp\/v2\/pages\/759","targetHints":{"allow":["GET"]}}],"collection":[{"href":"https:\/\/www.enjoyrowing.com\/de\/wp-json\/wp\/v2\/pages"}],"about":[{"href":"https:\/\/www.enjoyrowing.com\/de\/wp-json\/wp\/v2\/types\/page"}],"author":[{"embeddable":true,"href":"https:\/\/www.enjoyrowing.com\/de\/wp-json\/wp\/v2\/users\/1"}],"replies":[{"embeddable":true,"href":"https:\/\/www.enjoyrowing.com\/de\/wp-json\/wp\/v2\/comments?post=759"}],"version-history":[{"count":32,"href":"https:\/\/www.enjoyrowing.com\/de\/wp-json\/wp\/v2\/pages\/759\/revisions"}],"predecessor-version":[{"id":937,"href":"https:\/\/www.enjoyrowing.com\/de\/wp-json\/wp\/v2\/pages\/759\/revisions\/937"}],"wp:attachment":[{"href":"https:\/\/www.enjoyrowing.com\/de\/wp-json\/wp\/v2\/media?parent=759"}],"curies":[{"name":"wp","href":"https:\/\/api.w.org\/{rel}","templated":true}]}}