{"id":783,"date":"2020-10-28T12:19:18","date_gmt":"2020-10-28T11:19:18","guid":{"rendered":"https:\/\/www.enjoyrowing.com\/?page_id=783"},"modified":"2024-08-05T23:28:12","modified_gmt":"2024-08-05T21:28:12","slug":"about-the-pioneer","status":"publish","type":"page","link":"https:\/\/www.enjoyrowing.com\/de\/about-the-pioneer\/","title":{"rendered":"\u00dcBER DEN PIONIER"},"content":{"rendered":"<h2 class=\"wp-block-heading\">Ratzeburg, wo alles begann<\/h2>\n\n\n\n<figure class=\"wp-block-image size-large\"><img loading=\"lazy\" decoding=\"async\" width=\"1024\" height=\"588\" src=\"https:\/\/www.enjoyrowing.com\/wp-content\/uploads\/2019\/10\/Ratzeburgvogel1-1-1024x588.jpg\" alt=\"\" class=\"wp-image-629\" srcset=\"https:\/\/www.enjoyrowing.com\/wp-content\/uploads\/2019\/10\/Ratzeburgvogel1-1-1024x588.jpg 1024w, https:\/\/www.enjoyrowing.com\/wp-content\/uploads\/2019\/10\/Ratzeburgvogel1-1-300x172.jpg 300w, https:\/\/www.enjoyrowing.com\/wp-content\/uploads\/2019\/10\/Ratzeburgvogel1-1-768x441.jpg 768w, https:\/\/www.enjoyrowing.com\/wp-content\/uploads\/2019\/10\/Ratzeburgvogel1-1-470x270.jpg 470w, https:\/\/www.enjoyrowing.com\/wp-content\/uploads\/2019\/10\/Ratzeburgvogel1-1.jpg 2000w\" sizes=\"auto, (max-width: 1024px) 100vw, 1024px\" \/><\/figure>\n\n\n\n<p>1992 organisierte ich im Norddeutschen Ruderakademie in Ratzeburg den ersten Einerkurs f\u00fcr Breitensportruderer. Es folgten jahrelange Zusammenarbeit und unz\u00e4hlige Ruderer aus vor allem Europa konnten die sch\u00f6ne Einrichtungen der Ruderakademie nutzen.<br>Ich habe die Kursen zusammen mit Top-Trainern des Belgischen und Deutschen Ruderverbandes gecoached. Sie unterst\u00fctzten die Philosophie dieser Kurse und gaben ihr Wissen gerne an diese Gruppe von Ruderern weiter. Und das auf idealen Ruderwasser ohne motorisierte Sportboote und vielen M\u00f6glichkeiten windgesch\u00fctzt zur rudern.<\/p>\n\n\n\n<figure class=\"wp-block-image size-large\"><img decoding=\"async\" src=\"https:\/\/www.roeiplezier.nl\/wp-content\/uploads\/2019\/10\/IMG_8197-e1572291332822.jpg\" alt=\"\"\/><\/figure>\n\n\n\n<p>So \u00fcblich Videoaufnahmen und Analysen der Rudertechnik heute sind, so speziell war es damals. Genau dieses Element bildete das Herzst\u00fcck des Kurses und das Konzept f\u00fcr einen intensiven Impuls zur Technikverbesserung. Und das alles w\u00e4hrend eines angenehmen Urlaubs in wundersch\u00f6ner Lage.<br>Genau das Konzept, an das ich jahrelang gedacht hatte und das ich dachte, sollte nicht nur f\u00fcr die Wettkampfspitze verf\u00fcgbar sein, sondern auch f\u00fcr die Breitensportruderer, die oft die finanzielle Basis eines Ruderclubs bilden.<br>Als der Ruderakademie beschloss, die Einrichtungen fast ausschlie\u00dflich f\u00fcr das Deutsche Top-Rudern zu nutzen, erhielten die Kurse 2016 im Ruderverein Ratzeburg einen warmen und guten Platz, damit das Konzept nahtlos fortgesetzt werden konnte und kann.<\/p>\n\n\n\n<h2 class=\"wp-block-heading\">Zweiter Topstandort die Saar<\/h2>\n\n\n\n<figure class=\"wp-block-image size-large\"><img decoding=\"async\" src=\"https:\/\/www.roeiplezier.nl\/wp-content\/uploads\/2019\/10\/image27.jpg\" alt=\"\"\/><\/figure>\n\n\n\n<p>Nach f\u00fcnfj\u00e4hriger Suche gelang es mich in Deutschland einen zweiten Top-Standort f\u00fcr die immer beliebter werdenden Einerkurse zu finden. Ich fand die ideale Kulisse in Dreisbach an der Saar und die erste Kurssaison begann im Jahr 2011. Absolut nett: Zum ersten Mal ist das Logo von Enjoyrowing\/Roeiplezier auf den Bl\u00e4tter sichtbar!<\/p>\n\n\n\n<figure class=\"wp-block-image size-large\"><img decoding=\"async\" src=\"https:\/\/www.roeiplezier.nl\/wp-content\/uploads\/2020\/10\/RIMG0126-kopie-2-e1602606046398.jpg\" alt=\"\"\/><\/figure>\n\n\n\n<p>Das Ruderzentrum entwickelte sich schnell zu einem erfolgreichen Standort, so sehr sogar dass ich mich fragte, wie ich das Unternehmen, zu dem es seit \u00fcber 20 Jahre geworden war, weiterf\u00fchren wollte. Zu diesem Zeitpunkt war keine zufriedenstellende L\u00f6sung verf\u00fcgbar, aber ich wollte auch nicht, dass die Saar endete. Aus diesen Gr\u00fcnden habe ich mich 2014 entschlossen, diesen Standort, einschlie\u00dflich mit die Name \"Saarrowingcenter\", an einen ehemaligen Teilnehmer der Einerkurse in Ratzeburg zu \u00fcbertragen: Theo van den Broek. Das Ruderzentrum in der Saar nahm dann einen weiteren Flug.<\/p>\n\n\n\n<h2 class=\"wp-block-heading\">Andalusien abenteuerlich und sch\u00f6n<\/h2>\n\n\n\n<figure class=\"wp-block-image size-large\"><img decoding=\"async\" src=\"https:\/\/www.roeiplezier.nl\/wp-content\/uploads\/2019\/10\/ALG9gr-e1571478682518.jpg\" alt=\"\"\/><\/figure>\n\n\n\n<p>Aber da es nichts gab, musste ich alles zusammen organisieren. Die bisher gr\u00f6\u00dfte Herausforderung aller Standorte. Nach einer langen Vorphase war es m\u00f6glich, die Einer vom 100 km entfernten spanischen Ruderzentrum in Sevilla zu diesem wundersch\u00f6n gelegenen See in der N\u00e4he von Algodonales zu transportieren. Die Einerkurse in Andalusien waren eine Tatsache!<\/p>\n\n\n\n<figure class=\"wp-block-image size-large\"><img decoding=\"async\" src=\"https:\/\/www.roeiplezier.nl\/wp-content\/uploads\/2019\/10\/ALG18.jpg\" alt=\"\"\/><\/figure>\n\n\n\n<p>Seit einem F\u00fchrungswechsel im Ruderzentrum in Sevilla ist es ab 2019 nicht mehr m\u00f6glich, die Einer au\u00dferhalb des Ruderzentrums zu benutzen.<\/p>","protected":false},"excerpt":{"rendered":"<p>Ratzeburg, where it all started In 1992 I organised the first single scull course for recreational rowers at the national rowing center in Ratzeburg, northern Germany. Years of collaboration followed and countless recreational single scullers mainly from Europe were able to use the top facilities of the rowing academy.I coached together with top coaches from the Belgian and German rowing federations. They supported the philosophy of these courses and were happy to pass on their knowledge to this group of&#8230;<\/p>\n<p class=\"read-more\"><a class=\"btn btn-default\" href=\"https:\/\/www.enjoyrowing.com\/de\/about-the-pioneer\/\">Weiterlesen<span class=\"screen-reader-text\"> Weiterlesen<\/span><\/a><\/p>","protected":false},"author":1,"featured_media":0,"parent":0,"menu_order":0,"comment_status":"closed","ping_status":"closed","template":"","meta":{"footnotes":""},"class_list":["post-783","page","type-page","status-publish","hentry"],"_links":{"self":[{"href":"https:\/\/www.enjoyrowing.com\/de\/wp-json\/wp\/v2\/pages\/783","targetHints":{"allow":["GET"]}}],"collection":[{"href":"https:\/\/www.enjoyrowing.com\/de\/wp-json\/wp\/v2\/pages"}],"about":[{"href":"https:\/\/www.enjoyrowing.com\/de\/wp-json\/wp\/v2\/types\/page"}],"author":[{"embeddable":true,"href":"https:\/\/www.enjoyrowing.com\/de\/wp-json\/wp\/v2\/users\/1"}],"replies":[{"embeddable":true,"href":"https:\/\/www.enjoyrowing.com\/de\/wp-json\/wp\/v2\/comments?post=783"}],"version-history":[{"count":8,"href":"https:\/\/www.enjoyrowing.com\/de\/wp-json\/wp\/v2\/pages\/783\/revisions"}],"predecessor-version":[{"id":935,"href":"https:\/\/www.enjoyrowing.com\/de\/wp-json\/wp\/v2\/pages\/783\/revisions\/935"}],"wp:attachment":[{"href":"https:\/\/www.enjoyrowing.com\/de\/wp-json\/wp\/v2\/media?parent=783"}],"curies":[{"name":"wp","href":"https:\/\/api.w.org\/{rel}","templated":true}]}}